{"id":572,"date":"2021-01-22T12:01:50","date_gmt":"2021-01-22T11:01:50","guid":{"rendered":"https:\/\/www.zaskoocz.pl\/?page_id=572"},"modified":"2023-09-29T14:52:43","modified_gmt":"2023-09-29T12:52:43","slug":"polityka-prywatnosci","status":"publish","type":"page","link":"https:\/\/www.zaskoocz.pl\/index.php\/polityka-prywatnosci\/","title":{"rendered":"Polityka prywatno\u015bci"},"content":{"rendered":"\t\t<div data-elementor-type=\"wp-page\" data-elementor-id=\"572\" class=\"elementor elementor-572\" data-elementor-settings=\"[]\">\n\t\t\t\t\t\t<div class=\"elementor-inner\">\n\t\t\t\t\t\t\t<div class=\"elementor-section-wrap\">\n\t\t\t\t\t\t\t<section class=\"elementor-section elementor-top-section elementor-element elementor-element-7012332 elementor-section-boxed elementor-section-height-default elementor-section-height-default\" data-id=\"7012332\" data-element_type=\"section\">\n\t\t\t\t\t\t<div class=\"elementor-container elementor-column-gap-default\">\n\t\t\t\t\t\t\t<div class=\"elementor-row\">\n\t\t\t\t\t<div class=\"elementor-column elementor-col-100 elementor-top-column elementor-element elementor-element-f330817\" data-id=\"f330817\" data-element_type=\"column\">\n\t\t\t<div class=\"elementor-column-wrap elementor-element-populated\">\n\t\t\t\t\t\t\t<div class=\"elementor-widget-wrap\">\n\t\t\t\t\t\t<div class=\"elementor-element elementor-element-ea3487a elementor-widget elementor-widget-text-editor\" data-id=\"ea3487a\" data-element_type=\"widget\" data-widget_type=\"text-editor.default\">\n\t\t\t\t<div class=\"elementor-widget-container\">\n\t\t\t\t\t<div class=\"elementor-text-editor elementor-clearfix\"><h6>Administratorem danych jest Zaskoocz.pl Monika Piekarska ul. Partyzant\u00f3w 47 84-230 RUMIA w\u0142a\u015bciciel strony i marki \u201eZaskoocz.pl\u201d. Je\u017celi b\u0119dziecie mie\u0107 Pa\u0144stwo jakiekolwiek pytania lub w\u0105tpliwo\u015bci zwi\u0105zane z polityk\u0105 prywatno\u015bci, prosz\u0119 o wiadomo\u015b\u0107 na adres <u><a href=\"mailto:biuro@zaskoocz.pl\">biuro@zaskoocz.pl<\/a><\/u> lub poprzez formularz kontaktowy na stronie <a href=\"https:\/\/zaskoocz.pl\">https:\/\/zaskoocz.pl<\/a><\/h6><\/div>\n\t\t\t\t<\/div>\n\t\t\t\t<\/div>\n\t\t\t\t\t\t<\/div>\n\t\t\t\t\t<\/div>\n\t\t<\/div>\n\t\t\t\t\t\t\t\t<\/div>\n\t\t\t\t\t<\/div>\n\t\t<\/section>\n\t\t\t\t<section class=\"elementor-section elementor-top-section elementor-element elementor-element-58d8540 elementor-section-boxed elementor-section-height-default elementor-section-height-default\" data-id=\"58d8540\" data-element_type=\"section\">\n\t\t\t\t\t\t<div class=\"elementor-container elementor-column-gap-default\">\n\t\t\t\t\t\t\t<div class=\"elementor-row\">\n\t\t\t\t\t<div class=\"elementor-column elementor-col-100 elementor-top-column elementor-element elementor-element-bcf19b3\" data-id=\"bcf19b3\" data-element_type=\"column\">\n\t\t\t<div class=\"elementor-column-wrap elementor-element-populated\">\n\t\t\t\t\t\t\t<div class=\"elementor-widget-wrap\">\n\t\t\t\t\t\t<div class=\"elementor-element elementor-element-23b2118 elementor-widget elementor-widget-heading\" data-id=\"23b2118\" data-element_type=\"widget\" data-widget_type=\"heading.default\">\n\t\t\t\t<div class=\"elementor-widget-container\">\n\t\t\t<h4 class=\"elementor-heading-title elementor-size-default\">Kontakt e-mailowy\/za po\u015brednictwem formularza kontaktowego na stronie<\/h4>\t\t<\/div>\n\t\t\t\t<\/div>\n\t\t\t\t<div class=\"elementor-element elementor-element-e09489a elementor-widget elementor-widget-text-editor\" data-id=\"e09489a\" data-element_type=\"widget\" data-widget_type=\"text-editor.default\">\n\t\t\t\t<div class=\"elementor-widget-container\">\n\t\t\t\t\t<div class=\"elementor-text-editor elementor-clearfix\"><h6><span style=\"font-family: var( --e-global-typography-text-font-family ), Sans-serif; font-weight: var( --e-global-typography-text-font-weight );\">Inicjuj\u0105c kontakt za po\u015brednictwem poczty elektronicznej, nadawca wiadomo\u015bci przekazuje sw\u00f3j adres e-mail. Podstaw\u0105 do przetwarzania danych osobowych w takim przypadku jest zgoda wynikaj\u0105ca z przes\u0142ania wiadomo\u015bci. Dane osobowe przekazywane w ramach kontaktu e-mailowego przetwarzane s\u0105 wy\u0142\u0105cznie w celu obs\u0142ugi zapytania. Dane osobowe b\u0119d\u0105 przetwarzane do czasu wycofania zgody.<br \/><\/span><span style=\"font-family: var( --e-global-typography-text-font-family ), Sans-serif; font-weight: var( --e-global-typography-text-font-weight );\">Gwarantuj\u0119 poufno\u015b\u0107 wszelkich przekazanych mi danych osobowych. Zapewniam podj\u0119cie wszelkich \u015brodk\u00f3w bezpiecze\u0144stwa i ochrony danych osobowych. Powierzam przetwarzanie danych osobowych Mad Ventures Patryk Kozio\u0142, ul.Nied\u017awiedzia 29B, 02-737 Warszawa &#8211; w celu przechowywania danych na serwerze pocztowym. Zgodnie z zawart\u0105 umow\u0105 podmiot ten gwarantuje stosowanie odpowiednich \u015brodk\u00f3w ochrony i bezpiecze\u0144stwa danych osobowych wymaganych przez przepisy prawa.<br \/><\/span><span style=\"font-family: var( --e-global-typography-text-font-family ), Sans-serif; font-weight: var( --e-global-typography-text-font-weight );\">Macie Pa\u0144stwo prawo do: ochrony danych osobowych, dost\u0119pu do nich, uzyskania ich kopii, prawo do \u017c\u0105dania sprostowania lub ograniczenia ich przetwarzania, prawo do sprzeciwu wobec przetwarzania oraz prawo wniesienia skargi do Prezesa Urz\u0119du Ochrony Danych Osobowych.\u00a0\u00a0<br \/><\/span><span style=\"font-family: var( --e-global-typography-text-font-family ), Sans-serif; font-weight: var( --e-global-typography-text-font-weight );\">Ponadto osoba, kt\u00f3rej dane dotycz\u0105 ma prawo wycofa\u0107 si\u0119 ze zgody bez wp\u0142ywu na zgodno\u015b\u0107 z prawem przetwarzania, kt\u00f3rego dokonano na podstawie zgody przed jej cofni\u0119ciem, \u017c\u0105da\u0107 usuni\u0119cia danych, przeniesienia danych przetwarzanych w spos\u00f3b zautomatyzowany oraz ma prawo do bycia zapomnianym.<br \/><\/span><span style=\"font-family: var( --e-global-typography-text-font-family ), Sans-serif; font-weight: var( --e-global-typography-text-font-weight );\">Wycofanie si\u0119 ze zgody mo\u017cna z\u0142o\u017cy\u0107 w formie wniosku drog\u0105 pisemn\u0105 na adres korespondencyjny Administratora lub na skrzynk\u0119 e-mail <\/span><u style=\"font-family: var( --e-global-typography-text-font-family ), Sans-serif; font-weight: var( --e-global-typography-text-font-weight );\"><a href=\"mailto:biuro@zaskoocz.pl\">biuro@zaskoocz.pl<\/a><\/u><span style=\"font-family: var( --e-global-typography-text-font-family ), Sans-serif; font-weight: var( --e-global-typography-text-font-weight );\"> . Konsekwencj\u0105 wycofania si\u0119 ze zgody b\u0119dzie brak mo\u017cliwo\u015bci dalszego przetwarzania tych danych.<\/span><\/h6><\/div>\n\t\t\t\t<\/div>\n\t\t\t\t<\/div>\n\t\t\t\t\t\t<\/div>\n\t\t\t\t\t<\/div>\n\t\t<\/div>\n\t\t\t\t\t\t\t\t<\/div>\n\t\t\t\t\t<\/div>\n\t\t<\/section>\n\t\t\t\t<section class=\"elementor-section elementor-top-section elementor-element elementor-element-7cddaec elementor-section-boxed elementor-section-height-default elementor-section-height-default\" data-id=\"7cddaec\" data-element_type=\"section\">\n\t\t\t\t\t\t<div class=\"elementor-container elementor-column-gap-default\">\n\t\t\t\t\t\t\t<div class=\"elementor-row\">\n\t\t\t\t\t<div class=\"elementor-column elementor-col-100 elementor-top-column elementor-element elementor-element-fd74491\" data-id=\"fd74491\" data-element_type=\"column\">\n\t\t\t<div class=\"elementor-column-wrap elementor-element-populated\">\n\t\t\t\t\t\t\t<div class=\"elementor-widget-wrap\">\n\t\t\t\t\t\t<div class=\"elementor-element elementor-element-eb0a08d elementor-widget elementor-widget-heading\" data-id=\"eb0a08d\" data-element_type=\"widget\" data-widget_type=\"heading.default\">\n\t\t\t\t<div class=\"elementor-widget-container\">\n\t\t\t<h4 class=\"elementor-heading-title elementor-size-default\">Profil na Facebooku<\/h4>\t\t<\/div>\n\t\t\t\t<\/div>\n\t\t\t\t<div class=\"elementor-element elementor-element-c893336 elementor-widget elementor-widget-text-editor\" data-id=\"c893336\" data-element_type=\"widget\" data-widget_type=\"text-editor.default\">\n\t\t\t\t<div class=\"elementor-widget-container\">\n\t\t\t\t\t<div class=\"elementor-text-editor elementor-clearfix\"><h6>Poprzez klikni\u0119cie przycisku \u201eLubi\u0119 to\u201d lub \u201eObserwuj\u201d na stronie Administratora w portalu spo\u0142eczno\u015bciowym wyra\u017cacie Pa\u0144stwo zgod\u0119 na gromadzenie i przekazywanie portalowi spo\u0142eczno\u015bciowemu danych u\u017cytkownik\u00f3w tego portalu w celu tworzenia statystyk ogl\u0105dalno\u015bci strony Administratora na portalu spo\u0142eczno\u015bciowym. Dane te pozwol\u0105 na popraw\u0119 jako\u015bci strony dla zwi\u0119kszania jej popularno\u015bci. Pa\u0144stwa dane osobowe b\u0119d\u0105 przechowywane zgodnie z czasem okre\u015blonym na stronach Facebooka:\u00a0<br \/><a href=\"https:\/\/www.facebook.com\/privacy\/explanation\">https:\/\/www.facebook.com\/privacy\/explanation<\/a> w sekcji: <em>Zachowywanie danych, dezaktywacja i usuni\u0119cie konta<br \/><\/em>W zwi\u0105zku z faktem, \u017ce odbiorc\u0105 tych danych osobowych jest portal spo\u0142eczno\u015bciowy, mog\u0105 one by\u0107 przekazywane do Pa\u0144stw trzecich, takich jak Stany Zjednoczone oraz inne kraje, w kt\u00f3rych dost\u0119pny jest Facebook. Wi\u0119cej informacji mo\u017cna uzyska\u0107 bezpo\u015brednio na stronie portalu.<br \/>Macie Pa\u0144stwo prawo do: ochrony swoich danych osobowych, dost\u0119pu do nich, uzyskania ich kopii, sprostowania, prawo do \u017c\u0105dania usuni\u0119cia danych lub ograniczenia ich przetwarzania oraz prawo wniesienia skargi do Prezesa Urz\u0119du Ochrony Danych Osobowych.<br \/>Ponadto, macie Pa\u0144stwo prawo do cofni\u0119cia tej zgody w\u00a0dowolnym momencie. Wycofa\u0107 si\u0119 ze zgody mo\u017cna poprzez cofni\u0119cie polubienia lub obserwowania strony Administratora. Konsekwencj\u0105 wycofania si\u0119 ze zgody b\u0119dzie brak mo\u017cliwo\u015bci dalszego przetwarzania tych danych.<\/h6><\/div>\n\t\t\t\t<\/div>\n\t\t\t\t<\/div>\n\t\t\t\t\t\t<\/div>\n\t\t\t\t\t<\/div>\n\t\t<\/div>\n\t\t\t\t\t\t\t\t<\/div>\n\t\t\t\t\t<\/div>\n\t\t<\/section>\n\t\t\t\t<section class=\"elementor-section elementor-top-section elementor-element elementor-element-fe1a7df elementor-section-boxed elementor-section-height-default elementor-section-height-default\" data-id=\"fe1a7df\" data-element_type=\"section\">\n\t\t\t\t\t\t<div class=\"elementor-container elementor-column-gap-default\">\n\t\t\t\t\t\t\t<div class=\"elementor-row\">\n\t\t\t\t\t<div class=\"elementor-column elementor-col-100 elementor-top-column elementor-element elementor-element-6f97b82\" data-id=\"6f97b82\" data-element_type=\"column\">\n\t\t\t<div class=\"elementor-column-wrap elementor-element-populated\">\n\t\t\t\t\t\t\t<div class=\"elementor-widget-wrap\">\n\t\t\t\t\t\t<div class=\"elementor-element elementor-element-c8acacb elementor-widget elementor-widget-text-editor\" data-id=\"c8acacb\" data-element_type=\"widget\" data-widget_type=\"text-editor.default\">\n\t\t\t\t<div class=\"elementor-widget-container\">\n\t\t\t\t\t<div class=\"elementor-text-editor elementor-clearfix\"><p><span style=\"color: #292b2c; font-family: Poppins, sans-serif; font-size: 18px; font-weight: var( --e-global-typography-primary-font-weight );\">Przetwarzanie danych klient\u00f3w i kontrahent\u00f3w<\/span><\/p><p><span style=\"color: #292b2c; font-family: Poppins, sans-serif; font-size: 18px; font-weight: var( --e-global-typography-primary-font-weight );\">\u00a0<\/span><\/p><h6 style=\"font-family: Montserrat, sans-serif; color: #ffffff;\"><span style=\"font-family: var( --e-global-typography-text-font-family ), Sans-serif; font-weight: var( --e-global-typography-text-font-weight );\">Dane osobowe klien<\/span><span style=\"font-family: var( --e-global-typography-text-font-family ), Sans-serif;\">t\u00f3w, stron um\u00f3w i kontrahent\u00f3w s\u0105 przetwarzane s\u0105 w celu realizacji um\u00f3w, ich rozliczenia oraz udokumentowania transakcji. Nie przewiduj\u0119 przetwarzania danych osobowych w celu innym ni\u017c cel, w kt\u00f3rym dane osobowe zosta\u0142y zebrane.<br \/><\/span><\/h6><p>\u00a0<\/p><h6 style=\"font-family: Montserrat, sans-serif; color: #ffffff;\"><span style=\"font-family: var( --e-global-typography-text-font-family ), Sans-serif;\">Podstaw\u0105 przetwarzania danych osobowych jest podpisanie umowy lub konieczno\u015b\u0107 wype\u0142nienia obowi\u0105zku na\u0142o\u017conego na mnie przez przepisy ksi\u0119gowo-podatkowe.<br \/><\/span><span style=\"font-family: var( --e-global-typography-text-font-family ), Sans-serif;\">Powierzam przetwarzanie danych osobowych Mad Ventures Patryk Kozio\u0142, ul. Nied\u017awiedzia 29B, 02-737 Warszawa &#8211; w celu przechowywania danych na serwerze pocztowym oraz serwisowi IFIRMA SA z siedzib\u0105 we Wroc\u0142awiu, ul. Grabiszy\u0144ska 241 G, 53-234 Wroc\u0142aw, zapewniaj\u0105cemu mi obs\u0142ug\u0119 ksi\u0119gowo-rachunkow\u0105. Dane osobowe nie s\u0105 przekazywane do pa\u0144stwa trzeciego lub organizacji mi\u0119dzynarodowej.<br \/><\/span><span style=\"font-family: var( --e-global-typography-text-font-family ), Sans-serif;\">Dane osobowe b\u0119d\u0105 przechowywane zgodnie z przepisami szczeg\u00f3\u0142owymi, tj. przez 5 lat od ko\u0144ca roku, nast\u0119puj\u0105cego po roku w kt\u00f3rym powsta\u0142 obowi\u0105zek podatkowy.<br \/><\/span><span style=\"font-family: var( --e-global-typography-text-font-family ), Sans-serif;\">Ka\u017cda osoba, kt\u00f3rej dane dotycz\u0105 ma prawo do ochrony swoich danych osobowych, dost\u0119pu do nich, uzyskania ich kopii, sprostowania, prawo do ograniczenia ich przetwarzania oraz prawo wniesienia skargi do Prezesa Urz\u0119du Ochrony Danych Osobowych (ul. Stawki 2, 00-193 Warszawa, e-mail: kancelaria@uodo.gov.pl).<br \/><\/span><span style=\"font-family: var( --e-global-typography-text-font-family ), Sans-serif;\">10.Podanie danych osobowych jest wymogiem ustawowym. Niepodanie tych danych spowoduje brak mo\u017cliwo\u015bci podpisania i realizacji umowy oraz wystawienia faktury dokumentuj\u0105cej zdarzenie gospodarcze.<\/span><\/h6><\/div>\n\t\t\t\t<\/div>\n\t\t\t\t<\/div>\n\t\t\t\t\t\t<\/div>\n\t\t\t\t\t<\/div>\n\t\t<\/div>\n\t\t\t\t\t\t\t\t<\/div>\n\t\t\t\t\t<\/div>\n\t\t<\/section>\n\t\t\t\t\t\t<\/div>\n\t\t\t\t\t\t<\/div>\n\t\t\t\t\t<\/div>\n\t\t","protected":false},"excerpt":{"rendered":"<p>Administratorem danych jest Zaskoocz.pl Monika Piekarska ul. Partyzant\u00f3w 47 84-230 RUMIA w\u0142a\u015bciciel strony i marki \u201eZaskoocz.pl\u201d. Je\u017celi b\u0119dziecie mie\u0107 Pa\u0144stwo jakiekolwiek pytania lub w\u0105tpliwo\u015bci zwi\u0105zane z polityk\u0105 prywatno\u015bci, prosz\u0119 o wiadomo\u015b\u0107 na adres biuro@zaskoocz.pl lub poprzez formularz kontaktowy na stronie https:\/\/zaskoocz.pl Kontakt e-mailowy\/za po\u015brednictwem formularza kontaktowego na stronie Inicjuj\u0105c kontakt za po\u015brednictwem poczty elektronicznej, nadawca [&hellip;]<\/p>\n","protected":false},"author":1,"featured_media":0,"parent":0,"menu_order":0,"comment_status":"closed","ping_status":"closed","template":"","meta":[],"_links":{"self":[{"href":"https:\/\/www.zaskoocz.pl\/index.php\/wp-json\/wp\/v2\/pages\/572"}],"collection":[{"href":"https:\/\/www.zaskoocz.pl\/index.php\/wp-json\/wp\/v2\/pages"}],"about":[{"href":"https:\/\/www.zaskoocz.pl\/index.php\/wp-json\/wp\/v2\/types\/page"}],"author":[{"embeddable":true,"href":"https:\/\/www.zaskoocz.pl\/index.php\/wp-json\/wp\/v2\/users\/1"}],"replies":[{"embeddable":true,"href":"https:\/\/www.zaskoocz.pl\/index.php\/wp-json\/wp\/v2\/comments?post=572"}],"version-history":[{"count":41,"href":"https:\/\/www.zaskoocz.pl\/index.php\/wp-json\/wp\/v2\/pages\/572\/revisions"}],"predecessor-version":[{"id":632,"href":"https:\/\/www.zaskoocz.pl\/index.php\/wp-json\/wp\/v2\/pages\/572\/revisions\/632"}],"wp:attachment":[{"href":"https:\/\/www.zaskoocz.pl\/index.php\/wp-json\/wp\/v2\/media?parent=572"}],"curies":[{"name":"wp","href":"https:\/\/api.w.org\/{rel}","templated":true}]}}