{"id":458,"date":"2019-11-10T11:55:02","date_gmt":"2019-11-10T10:55:02","guid":{"rendered":"http:\/\/www.zaskoocz.pl\/?page_id=458"},"modified":"2021-01-22T13:53:06","modified_gmt":"2021-01-22T12:53:06","slug":"kontakt","status":"publish","type":"page","link":"https:\/\/www.zaskoocz.pl\/index.php\/kontakt\/","title":{"rendered":"Kontakt"},"content":{"rendered":"\t\t<div data-elementor-type=\"wp-page\" data-elementor-id=\"458\" class=\"elementor elementor-458\" data-elementor-settings=\"[]\">\n\t\t\t\t\t\t<div class=\"elementor-inner\">\n\t\t\t\t\t\t\t<div class=\"elementor-section-wrap\">\n\t\t\t\t\t\t\t<section class=\"elementor-section elementor-top-section elementor-element elementor-element-82f9ca0 elementor-section-boxed elementor-section-height-default elementor-section-height-default\" data-id=\"82f9ca0\" data-element_type=\"section\" data-settings=\"{&quot;background_background&quot;:&quot;classic&quot;}\">\n\t\t\t\t\t\t<div class=\"elementor-container elementor-column-gap-default\">\n\t\t\t\t\t\t\t<div class=\"elementor-row\">\n\t\t\t\t\t<div class=\"elementor-column elementor-col-100 elementor-top-column elementor-element elementor-element-fea8c0a\" data-id=\"fea8c0a\" data-element_type=\"column\">\n\t\t\t<div class=\"elementor-column-wrap elementor-element-populated\">\n\t\t\t\t\t\t\t<div class=\"elementor-widget-wrap\">\n\t\t\t\t\t\t<section class=\"elementor-section elementor-inner-section elementor-element elementor-element-86a3d9f elementor-section-boxed elementor-section-height-default elementor-section-height-default\" data-id=\"86a3d9f\" data-element_type=\"section\">\n\t\t\t\t\t\t<div class=\"elementor-container elementor-column-gap-default\">\n\t\t\t\t\t\t\t<div class=\"elementor-row\">\n\t\t\t\t\t<div class=\"elementor-column elementor-col-50 elementor-inner-column elementor-element elementor-element-de15fd4\" data-id=\"de15fd4\" data-element_type=\"column\">\n\t\t\t<div class=\"elementor-column-wrap elementor-element-populated\">\n\t\t\t\t\t\t\t<div class=\"elementor-widget-wrap\">\n\t\t\t\t\t\t<div class=\"elementor-element elementor-element-f3c9f75 elementor-widget elementor-widget-shortcode\" data-id=\"f3c9f75\" data-element_type=\"widget\" data-widget_type=\"shortcode.default\">\n\t\t\t\t<div class=\"elementor-widget-container\">\n\t\t\t\t\t<div class=\"elementor-shortcode\"><div class=\"everest-forms\"><div class=\"evf-container default\" id=\"evf-216\"><form id=\"evf-form-216\" class=\"everest-form\" data-formid=\"216\" data-ajax_submission=\"0\" method=\"post\" enctype=\"multipart\/form-data\" action=\"\/index.php\/wp-json\/wp\/v2\/pages\/458\"><div class=\"evf-field-container\"><input type=\"hidden\" id=\"_wpnonce\" name=\"_wpnonce\" value=\"9d4b4eca06\" \/><input type=\"hidden\" name=\"_wp_http_referer\" value=\"\/index.php\/wp-json\/wp\/v2\/pages\/458\" \/><div class=\"evf-frontend-row\" data-row=\"row_1\"><div class=\"evf-frontend-grid evf-grid-1\" data-grid=\"grid_1\"><div id=\"evf-216-field_fullname-container\" class=\"evf-field evf-field-text form-row validate-required\" data-required-field-message=\"This field is required.\" data-field-id=\"fullname\"><label class=\"evf-field-label\" for=\"evf-216-field_fullname\"><span class=\"evf-label\">Imi\u0119<\/span> <abbr class=\"required\" title=\"Required\">*<\/abbr><\/label><input type=\"text\" id=\"evf-216-field_fullname\" class=\"input-text\" name=\"everest_forms[form_fields][fullname]\" required><\/div><div id=\"evf-216-field_email-container\" class=\"evf-field evf-field-email form-row validate-required validate-email\" data-required-field-message=\"Please enter a valid email address.\" data-field-id=\"email\"><label class=\"evf-field-label\" for=\"evf-216-field_email\"><span class=\"evf-label\">Email<\/span> <abbr class=\"required\" title=\"Required\">*<\/abbr><\/label><input type=\"email\" id=\"evf-216-field_email\" class=\"input-text\" name=\"everest_forms[form_fields][email]\" required><\/div><div id=\"evf-216-field_subject-container\" class=\"evf-field evf-field-text form-row validate-required\" data-required-field-message=\"This field is required.\" data-field-id=\"subject\"><label class=\"evf-field-label\" for=\"evf-216-field_subject\"><span class=\"evf-label\">Firma<\/span> <abbr class=\"required\" title=\"Required\">*<\/abbr><\/label><input type=\"text\" id=\"evf-216-field_subject\" class=\"input-text\" name=\"everest_forms[form_fields][subject]\" required><\/div><div id=\"evf-216-field_message-container\" class=\"evf-field evf-field-textarea form-row\" data-field-id=\"message\"><label class=\"evf-field-label\" for=\"evf-216-field_message\"><span class=\"evf-label\">Wiadomo\u015b\u0107<\/span> <\/label><textarea id=\"evf-216-field_message\" class=\"input-text\" name=\"everest_forms[form_fields][message]\" ><\/textarea><\/div><\/div><\/div><\/div><div class=\"evf-honeypot-container evf-field-hp\"><label for=\"evf-216-field-hp\" class=\"evf-field-label\">Message<\/label><input type=\"text\" name=\"everest_forms[hp]\" id=\"evf-216-field-hp\" class=\"input-text\"><\/div><div class=\"evf-submit-container \" ><input type=\"hidden\" name=\"everest_forms[id]\" value=\"216\"><input type=\"hidden\" name=\"everest_forms[author]\" value=\"1\"><button type='submit' name='everest_forms[submit]' class='everest-forms-submit-button button evf-submit ' id='evf-submit-216' value='evf-submit' data-process-text=\"Processing\u2026\" conditional_rules='\"\"' conditional_id='evf-submit-216' >Potwierd\u017a<\/button><\/div><\/form><\/div><!-- .evf-container --><\/div><\/div>\n\t\t\t\t<\/div>\n\t\t\t\t<\/div>\n\t\t\t\t\t\t<\/div>\n\t\t\t\t\t<\/div>\n\t\t<\/div>\n\t\t\t\t<div class=\"elementor-column elementor-col-50 elementor-inner-column elementor-element elementor-element-e7e5779\" data-id=\"e7e5779\" data-element_type=\"column\">\n\t\t\t<div class=\"elementor-column-wrap elementor-element-populated\">\n\t\t\t\t\t\t\t<div class=\"elementor-widget-wrap\">\n\t\t\t\t\t\t<div class=\"elementor-element elementor-element-d2264b8 elementor-widget elementor-widget-heading\" data-id=\"d2264b8\" data-element_type=\"widget\" data-widget_type=\"heading.default\">\n\t\t\t\t<div class=\"elementor-widget-container\">\n\t\t\t<h4 class=\"elementor-heading-title elementor-size-default\"><a href=\"http:\/\/www.zaskoocz.pl\/index.php\/kontakt\/\">Kontakt<\/a><\/h4>\t\t<\/div>\n\t\t\t\t<\/div>\n\t\t\t\t<div class=\"elementor-element elementor-element-5abcb6d elementor-widget elementor-widget-spacer\" data-id=\"5abcb6d\" data-element_type=\"widget\" data-widget_type=\"spacer.default\">\n\t\t\t\t<div class=\"elementor-widget-container\">\n\t\t\t\t\t<div class=\"elementor-spacer\">\n\t\t\t<div class=\"elementor-spacer-inner\"><\/div>\n\t\t<\/div>\n\t\t\t\t<\/div>\n\t\t\t\t<\/div>\n\t\t\t\t<div class=\"elementor-element elementor-element-fb8bbce elementor-widget elementor-widget-heading\" data-id=\"fb8bbce\" data-element_type=\"widget\" data-widget_type=\"heading.default\">\n\t\t\t\t<div class=\"elementor-widget-container\">\n\t\t\t<h5 class=\"elementor-heading-title elementor-size-default\">Telefon:<\/h5>\t\t<\/div>\n\t\t\t\t<\/div>\n\t\t\t\t<div class=\"elementor-element elementor-element-6d919f9 elementor-widget elementor-widget-text-editor\" data-id=\"6d919f9\" data-element_type=\"widget\" data-widget_type=\"text-editor.default\">\n\t\t\t\t<div class=\"elementor-widget-container\">\n\t\t\t\t\t<div class=\"elementor-text-editor elementor-clearfix\"><h3>+48 666 019 700<\/h3><\/div>\n\t\t\t\t<\/div>\n\t\t\t\t<\/div>\n\t\t\t\t<div class=\"elementor-element elementor-element-0919013 elementor-widget elementor-widget-heading\" data-id=\"0919013\" data-element_type=\"widget\" data-widget_type=\"heading.default\">\n\t\t\t\t<div class=\"elementor-widget-container\">\n\t\t\t<h5 class=\"elementor-heading-title elementor-size-default\">Email:<\/h5>\t\t<\/div>\n\t\t\t\t<\/div>\n\t\t\t\t<div class=\"elementor-element elementor-element-055b58c elementor-widget elementor-widget-text-editor\" data-id=\"055b58c\" data-element_type=\"widget\" data-widget_type=\"text-editor.default\">\n\t\t\t\t<div class=\"elementor-widget-container\">\n\t\t\t\t\t<div class=\"elementor-text-editor elementor-clearfix\"><h3>biuro@zaskoocz.pl<\/h3><\/div>\n\t\t\t\t<\/div>\n\t\t\t\t<\/div>\n\t\t\t\t<div class=\"elementor-element elementor-element-6f769ec elementor-widget elementor-widget-spacer\" data-id=\"6f769ec\" data-element_type=\"widget\" data-widget_type=\"spacer.default\">\n\t\t\t\t<div class=\"elementor-widget-container\">\n\t\t\t\t\t<div class=\"elementor-spacer\">\n\t\t\t<div class=\"elementor-spacer-inner\"><\/div>\n\t\t<\/div>\n\t\t\t\t<\/div>\n\t\t\t\t<\/div>\n\t\t\t\t\t\t<\/div>\n\t\t\t\t\t<\/div>\n\t\t<\/div>\n\t\t\t\t\t\t\t\t<\/div>\n\t\t\t\t\t<\/div>\n\t\t<\/section>\n\t\t\t\t\t\t<\/div>\n\t\t\t\t\t<\/div>\n\t\t<\/div>\n\t\t\t\t\t\t\t\t<\/div>\n\t\t\t\t\t<\/div>\n\t\t<\/section>\n\t\t\t\t<section class=\"elementor-section elementor-top-section elementor-element elementor-element-5e9c752 elementor-section-boxed elementor-section-height-default elementor-section-height-default\" data-id=\"5e9c752\" data-element_type=\"section\">\n\t\t\t\t\t\t<div class=\"elementor-container elementor-column-gap-default\">\n\t\t\t\t\t\t\t<div class=\"elementor-row\">\n\t\t\t\t\t<div class=\"elementor-column elementor-col-100 elementor-top-column elementor-element elementor-element-b0a768a\" data-id=\"b0a768a\" data-element_type=\"column\">\n\t\t\t<div class=\"elementor-column-wrap elementor-element-populated\">\n\t\t\t\t\t\t\t<div class=\"elementor-widget-wrap\">\n\t\t\t\t\t\t<div class=\"elementor-element elementor-element-0e3711c elementor-widget elementor-widget-text-editor\" data-id=\"0e3711c\" data-element_type=\"widget\" data-widget_type=\"text-editor.default\">\n\t\t\t\t<div class=\"elementor-widget-container\">\n\t\t\t\t\t<div class=\"elementor-text-editor elementor-clearfix\"><h6>\u00a0<b style=\"color: #727272; font-size: 14px;\"><span style=\"font-size: 10.0pt; font-family: 'Arial',sans-serif; mso-fareast-font-family: 'Times New Roman'; color: white; mso-themecolor: background1; mso-fareast-language: PL;\">Administratorem danych przes\u0142anych poprzez formularz kontaktowy jest Zaskoocz.pl Monika Piekarska z siedzib\u0105 84-230 Rumia, ul. Partyzant\u00f3w 47. B\u0119d\u0105 one przetwarzane wy\u0142\u0105czenie w celu udzielenia odpowiedzi na przes\u0142ane zapytanie na podstawie zgody wyra\u017conej poprzez wyra\u017ane dzia\u0142anie tj. przes\u0142anie formularza. Ze zgody mo\u017cna si\u0119 wycofa\u0107 przesy\u0142aj\u0105c \u017c\u0105danie na adres email administratora. Dane osobowe b\u0119d\u0105 przetwarzane do czasu wycofania zgody. Macie Pa\u0144stwo prawo do: ochrony danych osobowych,\u00a0dost\u0119pu do nich, uzyskania ich kopii, sprostowania lub ograniczenia ich\u00a0przetwarzania, prawo do sprzeciwu wobec\u00a0przetwarzania oraz\u00a0prawo wniesienia skargi do Prezesa Urz\u0119du Ochrony Danych Osobowych. Ponadto\u00a0macie Pa\u0144stwo prawo do cofni\u0119cia zgody w\u00a0dowolnym momencie bez wp\u0142ywu na zgodno\u015b\u0107 z prawem przetwarzania, kt\u00f3rego\u00a0dokonano na podstawie zgody przed jej cofni\u0119ciem.\u00a0 Wi\u0119cej w <a href=\"https:\/\/www.zaskoocz.pl\/index.php\/polityka-prywatnosci\/\">Polityce prywatno\u015bci\u00a0<\/a><\/span><\/b><span style=\"font-size: 1px; background-color: #1e73be;\"><a href=\"https:\/\/www.zaskoocz.pl\/index.php\/polityka-prywatnosci\/\">\/\/ww<\/a><\/span><a style=\"font-size: 1px; background-color: #1e73be;\" href=\"https:\/\/www.zaskoocz.pl\/index.php\/polityka-prywatnosci\/\" target=\"_blank\" rel=\"noopener\">w.zaskoocz.pl\/index.php\/polityka-prywatnosci\/<\/a><\/h6><p class=\"MsoNormal\" style=\"mso-margin-top-alt: auto; mso-margin-bottom-alt: auto; line-height: normal; mso-outline-level: 3;\">\u00a0<\/p><\/div>\n\t\t\t\t<\/div>\n\t\t\t\t<\/div>\n\t\t\t\t\t\t<\/div>\n\t\t\t\t\t<\/div>\n\t\t<\/div>\n\t\t\t\t\t\t\t\t<\/div>\n\t\t\t\t\t<\/div>\n\t\t<\/section>\n\t\t\t\t\t\t<\/div>\n\t\t\t\t\t\t<\/div>\n\t\t\t\t\t<\/div>\n\t\t","protected":false},"excerpt":{"rendered":"<p>Kontakt Telefon: +48 666 019 700 Email: biuro@zaskoocz.pl \u00a0Administratorem danych przes\u0142anych poprzez formularz kontaktowy jest Zaskoocz.pl Monika Piekarska z siedzib\u0105 84-230 Rumia, ul. Partyzant\u00f3w 47. B\u0119d\u0105 one przetwarzane wy\u0142\u0105czenie w celu udzielenia odpowiedzi na przes\u0142ane zapytanie na podstawie zgody wyra\u017conej poprzez wyra\u017ane dzia\u0142anie tj. przes\u0142anie formularza. Ze zgody mo\u017cna si\u0119 wycofa\u0107 przesy\u0142aj\u0105c \u017c\u0105danie na adres [&hellip;]<\/p>\n","protected":false},"author":1,"featured_media":0,"parent":0,"menu_order":0,"comment_status":"closed","ping_status":"closed","template":"","meta":[],"_links":{"self":[{"href":"https:\/\/www.zaskoocz.pl\/index.php\/wp-json\/wp\/v2\/pages\/458"}],"collection":[{"href":"https:\/\/www.zaskoocz.pl\/index.php\/wp-json\/wp\/v2\/pages"}],"about":[{"href":"https:\/\/www.zaskoocz.pl\/index.php\/wp-json\/wp\/v2\/types\/page"}],"author":[{"embeddable":true,"href":"https:\/\/www.zaskoocz.pl\/index.php\/wp-json\/wp\/v2\/users\/1"}],"replies":[{"embeddable":true,"href":"https:\/\/www.zaskoocz.pl\/index.php\/wp-json\/wp\/v2\/comments?post=458"}],"version-history":[{"count":17,"href":"https:\/\/www.zaskoocz.pl\/index.php\/wp-json\/wp\/v2\/pages\/458\/revisions"}],"predecessor-version":[{"id":604,"href":"https:\/\/www.zaskoocz.pl\/index.php\/wp-json\/wp\/v2\/pages\/458\/revisions\/604"}],"wp:attachment":[{"href":"https:\/\/www.zaskoocz.pl\/index.php\/wp-json\/wp\/v2\/media?parent=458"}],"curies":[{"name":"wp","href":"https:\/\/api.w.org\/{rel}","templated":true}]}}