{"id":457,"date":"2019-11-10T11:55:02","date_gmt":"2019-11-10T10:55:02","guid":{"rendered":"http:\/\/www.zaskoocz.pl\/?page_id=457"},"modified":"2019-11-10T16:09:57","modified_gmt":"2019-11-10T15:09:57","slug":"uslugi","status":"publish","type":"page","link":"https:\/\/www.zaskoocz.pl\/index.php\/uslugi\/","title":{"rendered":"Us\u0142ugi"},"content":{"rendered":"\t\t<div data-elementor-type=\"wp-page\" data-elementor-id=\"457\" class=\"elementor elementor-457\" data-elementor-settings=\"[]\">\n\t\t\t\t\t\t<div class=\"elementor-inner\">\n\t\t\t\t\t\t\t<div class=\"elementor-section-wrap\">\n\t\t\t\t\t\t\t<section class=\"elementor-section elementor-top-section elementor-element elementor-element-32abcff elementor-section-boxed elementor-section-height-default elementor-section-height-default\" data-id=\"32abcff\" data-element_type=\"section\" data-settings=\"{&quot;background_background&quot;:&quot;classic&quot;}\">\n\t\t\t\t\t\t<div class=\"elementor-container elementor-column-gap-default\">\n\t\t\t\t\t\t\t<div class=\"elementor-row\">\n\t\t\t\t\t<div class=\"elementor-column elementor-col-100 elementor-top-column elementor-element elementor-element-663069b\" data-id=\"663069b\" data-element_type=\"column\">\n\t\t\t<div class=\"elementor-column-wrap elementor-element-populated\">\n\t\t\t\t\t\t\t<div class=\"elementor-widget-wrap\">\n\t\t\t\t\t\t<section class=\"elementor-section elementor-inner-section elementor-element elementor-element-b6620fc elementor-section-boxed elementor-section-height-default elementor-section-height-default\" data-id=\"b6620fc\" data-element_type=\"section\">\n\t\t\t\t\t\t<div class=\"elementor-container elementor-column-gap-default\">\n\t\t\t\t\t\t\t<div class=\"elementor-row\">\n\t\t\t\t\t<div class=\"elementor-column elementor-col-50 elementor-inner-column elementor-element elementor-element-9d3bae9\" data-id=\"9d3bae9\" data-element_type=\"column\">\n\t\t\t<div class=\"elementor-column-wrap elementor-element-populated\">\n\t\t\t\t\t\t\t<div class=\"elementor-widget-wrap\">\n\t\t\t\t\t\t<div class=\"elementor-element elementor-element-a50c571 elementor-widget elementor-widget-heading\" data-id=\"a50c571\" data-element_type=\"widget\" data-widget_type=\"heading.default\">\n\t\t\t\t<div class=\"elementor-widget-container\">\n\t\t\t<h4 class=\"elementor-heading-title elementor-size-default\">Us\u0142ugi<\/h4>\t\t<\/div>\n\t\t\t\t<\/div>\n\t\t\t\t<div class=\"elementor-element elementor-element-9c4a414 elementor-position-left elementor-vertical-align-top elementor-widget elementor-widget-image-box\" data-id=\"9c4a414\" data-element_type=\"widget\" data-widget_type=\"image-box.default\">\n\t\t\t\t<div class=\"elementor-widget-container\">\n\t\t\t<div class=\"elementor-image-box-wrapper\"><div class=\"elementor-image-box-content\"><h3 class=\"elementor-image-box-title\">Wdro\u017cenie RODO<\/h3><p class=\"elementor-image-box-description\">Identyfikacja proces\u00f3w, czynno\u015bci i rodzaj\u00f3w danych  przetwarzanych w Twojej firmie i opracowanie rozwi\u0105za\u0144 dopasowanych do Twoich potrzeb. <\/p><\/div><\/div>\t\t<\/div>\n\t\t\t\t<\/div>\n\t\t\t\t<div class=\"elementor-element elementor-element-d71271d elementor-position-left elementor-vertical-align-top elementor-widget elementor-widget-image-box\" data-id=\"d71271d\" data-element_type=\"widget\" data-widget_type=\"image-box.default\">\n\t\t\t\t<div class=\"elementor-widget-container\">\n\t\t\t<div class=\"elementor-image-box-wrapper\"><div class=\"elementor-image-box-content\"><h3 class=\"elementor-image-box-title\">Audyt zgodno\u015bci  z RODO<\/h3><p class=\"elementor-image-box-description\">Sprawdzenie wprowadzonych rozwi\u0105za\u0144 w zakresie ochrony danych osobowych. Wskazanie newralgicznych punkt\u00f3w i luk w systemie ochrony danych oraz propozycji ich wyeliminowania. <\/p><\/div><\/div>\t\t<\/div>\n\t\t\t\t<\/div>\n\t\t\t\t<div class=\"elementor-element elementor-element-9b8607a elementor-position-left elementor-vertical-align-top elementor-widget elementor-widget-image-box\" data-id=\"9b8607a\" data-element_type=\"widget\" data-widget_type=\"image-box.default\">\n\t\t\t\t<div class=\"elementor-widget-container\">\n\t\t\t<div class=\"elementor-image-box-wrapper\"><div class=\"elementor-image-box-content\"><h3 class=\"elementor-image-box-title\">Przygotowanie dokumentacji<\/h3><p class=\"elementor-image-box-description\">W zale\u017cno\u015bci od potrzeb ilo\u015bci i rodzaju przetwarzanych danych, a tak\u017ce czynno\u015bci przetwarzania i wielko\u015bci Twojej firmy przygotowuj\u0119:<br>- Klauzule informacyjne;<br>- Upowa\u017cnienia do przetwarzania danych osobowych<br>- Umowy przetwarzania w imieniu administratora <br>- Rejestry Czynno\u015bci Przetwarzania;<br>- Rejestry Kategorii Przetwarzania;<br>- Polityk\u0119 Ochrony Danych;<br><\/p><\/div><\/div>\t\t<\/div>\n\t\t\t\t<\/div>\n\t\t\t\t\t\t<\/div>\n\t\t\t\t\t<\/div>\n\t\t<\/div>\n\t\t\t\t<div class=\"elementor-column elementor-col-50 elementor-inner-column elementor-element elementor-element-d5ad7d3\" data-id=\"d5ad7d3\" data-element_type=\"column\">\n\t\t\t<div class=\"elementor-column-wrap elementor-element-populated\">\n\t\t\t\t\t\t\t<div class=\"elementor-widget-wrap\">\n\t\t\t\t\t\t<div class=\"elementor-element elementor-element-e231e15 elementor-position-left elementor-vertical-align-top elementor-widget elementor-widget-image-box\" data-id=\"e231e15\" data-element_type=\"widget\" data-widget_type=\"image-box.default\">\n\t\t\t\t<div class=\"elementor-widget-container\">\n\t\t\t<div class=\"elementor-image-box-wrapper\"><div class=\"elementor-image-box-content\"><h4 class=\"elementor-image-box-title\">Outsourcing IOD<\/h4><p class=\"elementor-image-box-description\">Pe\u0142nienie funkcji Inspektora Ochrony Danych w Twojej firmie w tym:<br>- doradztwo w zakresie przepis\u00f3w, dobrych praktyk i pomys\u0142owych dopasowanych rozwi\u0105za\u0144;<br>- opracowanie i wdro\u017cenie niezb\u0119dnej dokumentacji;<br>- przeprowadzanie audyt\u00f3w i szkole\u0144 <br>- pomoc w zakresie prawid\u0142owej analizy ryzyka i DPIA <\/p><\/div><\/div>\t\t<\/div>\n\t\t\t\t<\/div>\n\t\t\t\t<div class=\"elementor-element elementor-element-9901cd5 elementor-position-left elementor-vertical-align-top elementor-widget elementor-widget-image-box\" data-id=\"9901cd5\" data-element_type=\"widget\" data-widget_type=\"image-box.default\">\n\t\t\t\t<div class=\"elementor-widget-container\">\n\t\t\t<div class=\"elementor-image-box-wrapper\"><div class=\"elementor-image-box-content\"><h3 class=\"elementor-image-box-title\">Szkolenia z RODO <\/h3><p class=\"elementor-image-box-description\">Tre\u015bci szkolenia zostaj\u0105 dopasowane do specyfiki bran\u017cy z naciskiem na praktyczne odniesienia i przyk\u0142ady.<\/p><\/div><\/div>\t\t<\/div>\n\t\t\t\t<\/div>\n\t\t\t\t<div class=\"elementor-element elementor-element-0eee30e elementor-position-left elementor-vertical-align-top elementor-widget elementor-widget-image-box\" data-id=\"0eee30e\" data-element_type=\"widget\" data-widget_type=\"image-box.default\">\n\t\t\t\t<div class=\"elementor-widget-container\">\n\t\t\t<div class=\"elementor-image-box-wrapper\"><div class=\"elementor-image-box-content\"><h3 class=\"elementor-image-box-title\">Analiza Ryzyka i DPIA<\/h3><p class=\"elementor-image-box-description\">Przeprowadzana okresowo i przed wdro\u017ceniem nowych rozwi\u0105za\u0144 jest obowi\u0105zkowym elementem wskazanym w RODO.  Prawid\u0142owo przeprowadzona pozwala na wskazanie obszar\u00f3w o najwi\u0119kszym ryzyku i pozwala na wprowadzenie niezb\u0119dnych rozwi\u0105za\u0144 zmniejszaj\u0105cych ryzyko.  Jest to niezb\u0119dny element dla wykazania rozliczalno\u015bci przed UODO.<\/p><\/div><\/div>\t\t<\/div>\n\t\t\t\t<\/div>\n\t\t\t\t\t\t<\/div>\n\t\t\t\t\t<\/div>\n\t\t<\/div>\n\t\t\t\t\t\t\t\t<\/div>\n\t\t\t\t\t<\/div>\n\t\t<\/section>\n\t\t\t\t\t\t<\/div>\n\t\t\t\t\t<\/div>\n\t\t<\/div>\n\t\t\t\t\t\t\t\t<\/div>\n\t\t\t\t\t<\/div>\n\t\t<\/section>\n\t\t\t\t\t\t<\/div>\n\t\t\t\t\t\t<\/div>\n\t\t\t\t\t<\/div>\n\t\t","protected":false},"excerpt":{"rendered":"<p>Us\u0142ugi Wdro\u017cenie RODO Identyfikacja proces\u00f3w, czynno\u015bci i rodzaj\u00f3w danych przetwarzanych w Twojej firmie i opracowanie rozwi\u0105za\u0144 dopasowanych do Twoich potrzeb. Audyt zgodno\u015bci z RODO Sprawdzenie wprowadzonych rozwi\u0105za\u0144 w zakresie ochrony danych osobowych. Wskazanie newralgicznych punkt\u00f3w i luk w systemie ochrony danych oraz propozycji ich wyeliminowania. Przygotowanie dokumentacji W zale\u017cno\u015bci od potrzeb ilo\u015bci i rodzaju przetwarzanych [&hellip;]<\/p>\n","protected":false},"author":1,"featured_media":0,"parent":0,"menu_order":0,"comment_status":"closed","ping_status":"closed","template":"","meta":[],"_links":{"self":[{"href":"https:\/\/www.zaskoocz.pl\/index.php\/wp-json\/wp\/v2\/pages\/457"}],"collection":[{"href":"https:\/\/www.zaskoocz.pl\/index.php\/wp-json\/wp\/v2\/pages"}],"about":[{"href":"https:\/\/www.zaskoocz.pl\/index.php\/wp-json\/wp\/v2\/types\/page"}],"author":[{"embeddable":true,"href":"https:\/\/www.zaskoocz.pl\/index.php\/wp-json\/wp\/v2\/users\/1"}],"replies":[{"embeddable":true,"href":"https:\/\/www.zaskoocz.pl\/index.php\/wp-json\/wp\/v2\/comments?post=457"}],"version-history":[{"count":3,"href":"https:\/\/www.zaskoocz.pl\/index.php\/wp-json\/wp\/v2\/pages\/457\/revisions"}],"predecessor-version":[{"id":531,"href":"https:\/\/www.zaskoocz.pl\/index.php\/wp-json\/wp\/v2\/pages\/457\/revisions\/531"}],"wp:attachment":[{"href":"https:\/\/www.zaskoocz.pl\/index.php\/wp-json\/wp\/v2\/media?parent=457"}],"curies":[{"name":"wp","href":"https:\/\/api.w.org\/{rel}","templated":true}]}}