{"id":456,"date":"2019-11-10T11:55:02","date_gmt":"2019-11-10T10:55:02","guid":{"rendered":"http:\/\/www.zaskoocz.pl\/?page_id=456"},"modified":"2020-06-09T16:10:38","modified_gmt":"2020-06-09T14:10:38","slug":"o-mnie","status":"publish","type":"page","link":"https:\/\/www.zaskoocz.pl\/index.php\/o-mnie\/","title":{"rendered":"O mnie"},"content":{"rendered":"\t\t<div data-elementor-type=\"wp-page\" data-elementor-id=\"456\" class=\"elementor elementor-456\" data-elementor-settings=\"[]\">\n\t\t\t\t\t\t<div class=\"elementor-inner\">\n\t\t\t\t\t\t\t<div class=\"elementor-section-wrap\">\n\t\t\t\t\t\t\t<section class=\"elementor-section elementor-top-section elementor-element elementor-element-6240415 elementor-section-boxed elementor-section-height-default elementor-section-height-default\" data-id=\"6240415\" data-element_type=\"section\">\n\t\t\t\t\t\t<div class=\"elementor-container elementor-column-gap-default\">\n\t\t\t\t\t\t\t<div class=\"elementor-row\">\n\t\t\t\t\t<div class=\"elementor-column elementor-col-100 elementor-top-column elementor-element elementor-element-9744ee3\" data-id=\"9744ee3\" data-element_type=\"column\">\n\t\t\t<div class=\"elementor-column-wrap elementor-element-populated\">\n\t\t\t\t\t\t\t<div class=\"elementor-widget-wrap\">\n\t\t\t\t\t\t<section class=\"elementor-section elementor-inner-section elementor-element elementor-element-9882d3c elementor-section-boxed elementor-section-height-default elementor-section-height-default\" data-id=\"9882d3c\" data-element_type=\"section\">\n\t\t\t\t\t\t<div class=\"elementor-container elementor-column-gap-default\">\n\t\t\t\t\t\t\t<div class=\"elementor-row\">\n\t\t\t\t\t<div class=\"elementor-column elementor-col-50 elementor-inner-column elementor-element elementor-element-3d8a046\" data-id=\"3d8a046\" data-element_type=\"column\">\n\t\t\t<div class=\"elementor-column-wrap elementor-element-populated\">\n\t\t\t\t\t\t\t<div class=\"elementor-widget-wrap\">\n\t\t\t\t\t\t<div class=\"elementor-element elementor-element-bc80803 elementor-widget elementor-widget-image\" data-id=\"bc80803\" data-element_type=\"widget\" data-widget_type=\"image.default\">\n\t\t\t\t<div class=\"elementor-widget-container\">\n\t\t\t\t\t<div class=\"elementor-image\">\n\t\t\t\t\t\t\t\t\t\t<img src=\"http:\/\/www.zaskoocz.pl\/wp-content\/uploads\/2019\/11\/IMG_2036.jpg\" title=\"\" alt=\"\" \/>\t\t\t\t\t\t\t\t\t\t\t<\/div>\n\t\t\t\t<\/div>\n\t\t\t\t<\/div>\n\t\t\t\t<div class=\"elementor-element elementor-element-e4bdd0c elementor-widget elementor-widget-heading\" data-id=\"e4bdd0c\" data-element_type=\"widget\" data-widget_type=\"heading.default\">\n\t\t\t\t<div class=\"elementor-widget-container\">\n\t\t\t<h2 class=\"elementor-heading-title elementor-size-default\">Monika Piekarska<br>Inspektor Ochrony Danych<\/h2>\t\t<\/div>\n\t\t\t\t<\/div>\n\t\t\t\t\t\t<\/div>\n\t\t\t\t\t<\/div>\n\t\t<\/div>\n\t\t\t\t<div class=\"elementor-column elementor-col-50 elementor-inner-column elementor-element elementor-element-56ff201\" data-id=\"56ff201\" data-element_type=\"column\">\n\t\t\t<div class=\"elementor-column-wrap elementor-element-populated\">\n\t\t\t\t\t\t\t<div class=\"elementor-widget-wrap\">\n\t\t\t\t\t\t<div class=\"elementor-element elementor-element-78c8fd9 elementor-widget elementor-widget-heading\" data-id=\"78c8fd9\" data-element_type=\"widget\" data-widget_type=\"heading.default\">\n\t\t\t\t<div class=\"elementor-widget-container\">\n\t\t\t<h2 class=\"elementor-heading-title elementor-size-small\">O mnie<\/h2>\t\t<\/div>\n\t\t\t\t<\/div>\n\t\t\t\t<div class=\"elementor-element elementor-element-43977ed elementor-widget elementor-widget-heading\" data-id=\"43977ed\" data-element_type=\"widget\" data-widget_type=\"heading.default\">\n\t\t\t\t<div class=\"elementor-widget-container\">\n\t\t\t<h4 class=\"elementor-heading-title elementor-size-small\">Jestem certyfikowanym inspektorem ochrony danych, kt\u00f3ry nieustannie poszerza swoj\u0105 wiedz\u0119. Uko\u0144czy\u0142am studia podyplomowe w tym zakresie, studia z zarz\u0105dzania oraz studia podyplomowe z prawa podatkowego. Dodatkowo posiadam uprawnienia Audytora Wewn\u0119trznego Bezpiecze\u0144stwa Informacji wg ISO\/IEC 27001:2017 i IOS\/IEC 27701:2019. \n\nZanim zaj\u0119\u0142am si\u0119 wy\u0142\u0105cznie ochron\u0105 danych osobowych, przepracowa\u0142am 15 lat w administracji publicznej. Dlatego doskonale rozumiem specyfik\u0119 pracy w jednostkach sektora publicznego. Preferuj\u0119 proste i dobrze dopasowane rozwi\u0105zania. Nie znosz\u0119 rzeczy niedoko\u0144czonych i niedopracowanych. Ceni\u0119 sobie prac\u0119 w zespole specjalist\u00f3w pozwalaj\u0105c\u0105 na efekt synergii wiedzy i umiej\u0119tno\u015bci.\n<o:p><\/o:p><p><\/p>\n\n<\/h4>\t\t<\/div>\n\t\t\t\t<\/div>\n\t\t\t\t\t\t<\/div>\n\t\t\t\t\t<\/div>\n\t\t<\/div>\n\t\t\t\t\t\t\t\t<\/div>\n\t\t\t\t\t<\/div>\n\t\t<\/section>\n\t\t\t\t\t\t<\/div>\n\t\t\t\t\t<\/div>\n\t\t<\/div>\n\t\t\t\t\t\t\t\t<\/div>\n\t\t\t\t\t<\/div>\n\t\t<\/section>\n\t\t\t\t\t\t<\/div>\n\t\t\t\t\t\t<\/div>\n\t\t\t\t\t<\/div>\n\t\t","protected":false},"excerpt":{"rendered":"<p>Monika PiekarskaInspektor Ochrony Danych O mnie Jestem certyfikowanym inspektorem ochrony danych, kt\u00f3ry nieustannie poszerza swoj\u0105 wiedz\u0119. Uko\u0144czy\u0142am studia podyplomowe w tym zakresie, studia z zarz\u0105dzania oraz studia podyplomowe z prawa podatkowego. Dodatkowo posiadam uprawnienia Audytora Wewn\u0119trznego Bezpiecze\u0144stwa Informacji wg ISO\/IEC 27001:2017 i IOS\/IEC 27701:2019. Zanim zaj\u0119\u0142am si\u0119 wy\u0142\u0105cznie ochron\u0105 danych osobowych, przepracowa\u0142am 15 lat w [&hellip;]<\/p>\n","protected":false},"author":1,"featured_media":0,"parent":0,"menu_order":0,"comment_status":"closed","ping_status":"closed","template":"","meta":[],"_links":{"self":[{"href":"https:\/\/www.zaskoocz.pl\/index.php\/wp-json\/wp\/v2\/pages\/456"}],"collection":[{"href":"https:\/\/www.zaskoocz.pl\/index.php\/wp-json\/wp\/v2\/pages"}],"about":[{"href":"https:\/\/www.zaskoocz.pl\/index.php\/wp-json\/wp\/v2\/types\/page"}],"author":[{"embeddable":true,"href":"https:\/\/www.zaskoocz.pl\/index.php\/wp-json\/wp\/v2\/users\/1"}],"replies":[{"embeddable":true,"href":"https:\/\/www.zaskoocz.pl\/index.php\/wp-json\/wp\/v2\/comments?post=456"}],"version-history":[{"count":8,"href":"https:\/\/www.zaskoocz.pl\/index.php\/wp-json\/wp\/v2\/pages\/456\/revisions"}],"predecessor-version":[{"id":569,"href":"https:\/\/www.zaskoocz.pl\/index.php\/wp-json\/wp\/v2\/pages\/456\/revisions\/569"}],"wp:attachment":[{"href":"https:\/\/www.zaskoocz.pl\/index.php\/wp-json\/wp\/v2\/media?parent=456"}],"curies":[{"name":"wp","href":"https:\/\/api.w.org\/{rel}","templated":true}]}}